{"id":3425,"date":"2024-10-02T21:01:16","date_gmt":"2024-10-02T21:01:16","guid":{"rendered":"https:\/\/baronsustainability.com\/legal-note\/"},"modified":"2025-06-03T09:28:43","modified_gmt":"2025-06-03T09:28:43","slug":"impressum","status":"publish","type":"page","link":"https:\/\/baronsustainability.com\/de\/impressum\/","title":{"rendered":"Impressum"},"content":{"rendered":"\t\t<div data-elementor-type=\"wp-post\" data-elementor-id=\"3425\" class=\"elementor elementor-3425 elementor-2026\" data-elementor-post-type=\"page\">\n\t\t\t\t<div class=\"elementor-element elementor-element-438452b e-flex e-con-boxed e-con e-parent\" data-id=\"438452b\" data-element_type=\"container\" data-e-type=\"container\">\n\t\t\t\t\t<div class=\"e-con-inner\">\n\t\t\t\t<div class=\"elementor-element elementor-element-f89998b separator white elementor-widget elementor-widget-heading\" data-id=\"f89998b\" data-element_type=\"widget\" data-e-type=\"widget\" data-widget_type=\"heading.default\">\n\t\t\t\t<div class=\"elementor-widget-container\">\n\t\t\t\t\t<h1 class=\"elementor-heading-title elementor-size-default\">Legal Notice<\/h1>\t\t\t\t<\/div>\n\t\t\t\t<\/div>\n\t\t\t\t<div class=\"elementor-element elementor-element-36af863 elementor-widget elementor-widget-text-editor\" data-id=\"36af863\" data-element_type=\"widget\" data-e-type=\"widget\" data-widget_type=\"text-editor.default\">\n\t\t\t\t<div class=\"elementor-widget-container\">\n\t\t\t\t\t\t\t\t\t<p><strong>Company Information:<br><\/strong>Company Name: Baron Sustainability GmbH<br>Represented by: H\u00e9l\u00e8ne Baron<br>Business Address: Grimselstrasse 30, 8048, Z\u00fcrich, Switzerland<br>Email Address: helene@baronsustainability.com<br>Company Registration Number: CHE-234.016.980<br>Commercial register of Canton Z\u00fcrich<br>VAT Number: CHE-234.016.980 MWST<\/p>\n<p><strong>Liability for Content:<br><\/strong>As the operator of this website, we strive to ensure that the content provided is accurate, complete, and up to date. However, we cannot guarantee the accuracy of the information at all times. According to legal regulations, we are responsible for our own content on this website. We are not, however, obliged to monitor third-party information provided or stored on our website, nor to investigate circumstances indicating illegal activity.<\/p>\n<p>Any obligations to remove or block the use of information according to applicable laws remain unaffected. Liability in this regard is only possible from the point of knowledge of a specific legal violation. If we become aware of such violations, we will remove the content in question immediately.<\/p>\n<p><strong>Liability for Links:<br><\/strong>Our website contains links to external websites over which we have no control. Therefore, we cannot accept any responsibility for the content of these external sites. The respective provider or operator of these sites is always responsible for the content of the linked pages. The linked pages were checked for possible legal violations at the time of linking, and no illegal content was detected at that time. However, continuous monitoring of the linked pages is not reasonable without specific evidence of a violation. Upon becoming aware of any legal violations, we will remove such links immediately.<\/p>\n<p><strong>Copyright Notice:<br><\/strong>The content and works provided on this website are governed by copyright law. The reproduction, editing, distribution, or any kind of exploitation outside the scope of copyright law requires the written consent of the respective author or creator. Downloads and copies of this website are only permitted for private, non-commercial use.<\/p>\n<p>Insofar as the content on this website was not created by the operator, third-party copyrights are respected. Should you become aware of any copyright infringement, please notify us. Upon becoming aware of such legal violations, we will remove the content immediately.<\/p>\n<p><strong>Dispute Resolution:<br><\/strong>We are not obliged nor willing to participate in dispute resolution proceedings before a consumer arbitration board.<\/p>\n<p><strong>Design, Photography, Copywriting, and Figurants Credits:<\/strong><\/p>\n<ul>\n<li><strong>Web Design:<\/strong> D4design Studios GmbH, https:\/\/d4design.com\/<\/li>\n<li><strong>Photography:<\/strong> Gerry Ebner, https:\/\/gerryebner.com\/<\/li>\n<li><b>Images:<\/b> Unsplash,&nbsp;&nbsp;https:\/\/unsplash.com\/<\/li>\n<li><strong>Copywriting:<\/strong> Tegan Tallullah, https:\/\/medium.com\/@tegantallullah<\/li>\n<li><strong>Model:<\/strong> Silvan Graf<\/li>\n<\/ul>\n<p><strong><br>Contact:<br><\/strong>If you have any questions about this Legal Notice, please contact us at: helene@baronsustainability.com<\/p>\t\t\t\t\t\t\t\t<\/div>\n\t\t\t\t<\/div>\n\t\t\t\t\t<\/div>\n\t\t\t\t<\/div>\n\t\t\t\t<\/div>\n\t\t","protected":false},"excerpt":{"rendered":"<p>Legal Notice Company Information: Company Name: Baron Sustainability GmbH Represented by: H\u00e9l\u00e8ne Baron Business Address: Grimselstrasse 30, 8048, Z\u00fcrich, Switzerland Email Address: helene@baronsustainability.com Company Registration Number: CHE-234.016.980 Commercial register of Canton Z\u00fcrich VAT Number: CHE-234.016.980 MWST Liability for Content: As the operator of this website, we strive to ensure that the content provided is accurate, [&hellip;]<\/p>\n","protected":false},"author":1,"featured_media":3187,"parent":0,"menu_order":0,"comment_status":"closed","ping_status":"closed","template":"","meta":{"_seopress_robots_primary_cat":"","_seopress_titles_title":"","_seopress_titles_desc":"","_seopress_robots_index":"","footnotes":""},"class_list":["post-3425","page","type-page","status-publish","has-post-thumbnail","hentry"],"_links":{"self":[{"href":"https:\/\/baronsustainability.com\/de\/wp-json\/wp\/v2\/pages\/3425","targetHints":{"allow":["GET"]}}],"collection":[{"href":"https:\/\/baronsustainability.com\/de\/wp-json\/wp\/v2\/pages"}],"about":[{"href":"https:\/\/baronsustainability.com\/de\/wp-json\/wp\/v2\/types\/page"}],"author":[{"embeddable":true,"href":"https:\/\/baronsustainability.com\/de\/wp-json\/wp\/v2\/users\/1"}],"replies":[{"embeddable":true,"href":"https:\/\/baronsustainability.com\/de\/wp-json\/wp\/v2\/comments?post=3425"}],"version-history":[{"count":1,"href":"https:\/\/baronsustainability.com\/de\/wp-json\/wp\/v2\/pages\/3425\/revisions"}],"predecessor-version":[{"id":3474,"href":"https:\/\/baronsustainability.com\/de\/wp-json\/wp\/v2\/pages\/3425\/revisions\/3474"}],"wp:featuredmedia":[{"embeddable":true,"href":"https:\/\/baronsustainability.com\/de\/wp-json\/wp\/v2\/media\/3187"}],"wp:attachment":[{"href":"https:\/\/baronsustainability.com\/de\/wp-json\/wp\/v2\/media?parent=3425"}],"curies":[{"name":"wp","href":"https:\/\/api.w.org\/{rel}","templated":true}]}}