{"id":3409,"date":"2024-02-06T18:22:16","date_gmt":"2024-02-06T18:22:16","guid":{"rendered":"https:\/\/baronsustainability.com\/about\/"},"modified":"2025-08-26T15:31:11","modified_gmt":"2025-08-26T15:31:11","slug":"a-propos","status":"publish","type":"page","link":"https:\/\/baronsustainability.com\/fr\/a-propos\/","title":{"rendered":"\u00c0 propos"},"content":{"rendered":"\t\t<div data-elementor-type=\"wp-post\" data-elementor-id=\"3409\" class=\"elementor elementor-3409 elementor-598\" data-elementor-post-type=\"page\">\n\t\t\t\t<div class=\"elementor-element elementor-element-15b6b5f e-flex e-con-boxed e-con e-parent\" data-id=\"15b6b5f\" data-element_type=\"container\" data-e-type=\"container\" data-settings=\"{&quot;background_background&quot;:&quot;classic&quot;}\">\n\t\t\t\t\t<div class=\"e-con-inner\">\n\t\t<div class=\"elementor-element elementor-element-dabb60b e-con-full fullimageleft e-flex e-con e-child\" data-id=\"dabb60b\" data-element_type=\"container\" data-e-type=\"container\">\n\t\t\t\t<div class=\"elementor-element elementor-element-0e90418 animated-slow elementor-invisible elementor-widget elementor-widget-image\" data-id=\"0e90418\" data-element_type=\"widget\" data-e-type=\"widget\" data-settings=\"{&quot;_animation&quot;:&quot;fadeInLeft&quot;}\" data-widget_type=\"image.default\">\n\t\t\t\t<div class=\"elementor-widget-container\">\n\t\t\t\t\t\t\t\t\t\t\t\t\t\t\t<img fetchpriority=\"high\" decoding=\"async\" width=\"1453\" height=\"1248\" src=\"https:\/\/baronsustainability.com\/wp-content\/uploads\/2024\/10\/myphilosophy2.jpg\" class=\"attachment-full size-full wp-image-3280\" alt=\"\" \/>\t\t\t\t\t\t\t\t\t\t\t\t\t\t\t<\/div>\n\t\t\t\t<\/div>\n\t\t\t\t<\/div>\n\t\t<div class=\"elementor-element elementor-element-405ec12 e-con-full e-flex e-con e-child\" data-id=\"405ec12\" data-element_type=\"container\" data-e-type=\"container\">\n\t\t\t\t<div class=\"elementor-element elementor-element-9f5eb1a elementor-widget elementor-widget-heading\" data-id=\"9f5eb1a\" data-element_type=\"widget\" data-e-type=\"widget\" data-widget_type=\"heading.default\">\n\t\t\t\t<div class=\"elementor-widget-container\">\n\t\t\t\t\t<span class=\"elementor-heading-title elementor-size-default\">Fondatrice &amp; Directrice G\u00e9n\u00e9rale<\/span>\t\t\t\t<\/div>\n\t\t\t\t<\/div>\n\t\t\t\t<div class=\"elementor-element elementor-element-5aa85f2 elementor-widget elementor-widget-heading\" data-id=\"5aa85f2\" data-element_type=\"widget\" data-e-type=\"widget\" data-widget_type=\"heading.default\">\n\t\t\t\t<div class=\"elementor-widget-container\">\n\t\t\t\t\t<h1 class=\"elementor-heading-title elementor-size-default\">H\u00e9l\u00e8ne Baron <\/h1>\t\t\t\t<\/div>\n\t\t\t\t<\/div>\n\t\t\t\t<div class=\"elementor-element elementor-element-ea9d9e6 elementor-widget elementor-widget-text-editor\" data-id=\"ea9d9e6\" data-element_type=\"widget\" data-e-type=\"widget\" data-widget_type=\"text-editor.default\">\n\t\t\t\t<div class=\"elementor-widget-container\">\n\t\t\t\t\t\t\t\t\t<p>Depuis plus d&rsquo;une d\u00e9cennie d&rsquo;exp\u00e9rience en durabilit\u00e9 environnementale en entreprise, j&rsquo;ai d\u00e9di\u00e9 ma carri\u00e8re \u00e0 accompagner les organisations \u00e0 avoir un impact positif sur la plan\u00e8te.<\/p><p>Alliant exp\u00e9rience pratique et rigueur intellectuelle, je suis Ing\u00e9nieure en Environnement et Agronomie (Master of Science), diplom\u00e9e de l&rsquo;Institut National Polytechnique de Toulouse (INP-ENSAT et INP-ENSEEIHT), en France.<\/p>\t\t\t\t\t\t\t\t<\/div>\n\t\t\t\t<\/div>\n\t\t\t\t<\/div>\n\t\t\t\t\t<\/div>\n\t\t\t\t<\/div>\n\t\t<div class=\"elementor-element elementor-element-648b07e e-flex e-con-boxed e-con e-parent\" data-id=\"648b07e\" data-element_type=\"container\" data-e-type=\"container\" data-settings=\"{&quot;background_background&quot;:&quot;classic&quot;}\">\n\t\t\t\t\t<div class=\"e-con-inner\">\n\t\t<div class=\"elementor-element elementor-element-224ab20 e-con-full e-flex e-con e-child\" data-id=\"224ab20\" data-element_type=\"container\" data-e-type=\"container\">\n\t\t\t\t<div class=\"elementor-element elementor-element-2404c87 elementor-widget elementor-widget-heading\" data-id=\"2404c87\" data-element_type=\"widget\" data-e-type=\"widget\" data-widget_type=\"heading.default\">\n\t\t\t\t<div class=\"elementor-widget-container\">\n\t\t\t\t\t<h3 class=\"elementor-heading-title elementor-size-default\">Mon parcours<\/h3>\t\t\t\t<\/div>\n\t\t\t\t<\/div>\n\t\t\t\t<div class=\"elementor-element elementor-element-1cc693e elementor-widget elementor-widget-text-editor\" data-id=\"1cc693e\" data-element_type=\"widget\" data-e-type=\"widget\" data-widget_type=\"text-editor.default\">\n\t\t\t\t<div class=\"elementor-widget-container\">\n\t\t\t\t\t\t\t\t\t<p>Ma passion pour l\u2019environnement et la durabilit\u00e9 remonte \u00e0 l\u2019enfance : j\u2019ai toujours eu un int\u00e9r\u00eat marqu\u00e9 pour la science et la nature. Tr\u00e8s t\u00f4t, j\u2019ai su que je voulais construire une carri\u00e8re qui me permettrait d\u2019avoir un impact positif sur le monde. Au fil de mes exp\u00e9riences, j\u2019ai acquis la conviction que la transformation durable est possible \u2013 et que les entreprises doivent en \u00eatre des acteurs cl\u00e9s.<\/p><p>J&rsquo;ai d\u00e9but\u00e9 ma carri\u00e8re chez Holcim, dans l&rsquo;industrie du ciment, o\u00f9 j\u2019ai occup\u00e9 un poste en RSE pour le si\u00e8ge, acqu\u00e9rant des connaissances pr\u00e9cieuses sur les d\u00e9fis et les opportunit\u00e9s de l&rsquo;\u00e9cologie industrielle. J\u2019ai ensuite rejoint PwC comme manager, o\u00f9 j\u2019ai pilot\u00e9 de nombreux projets de conseil et dirig\u00e9 des missions d\u2019audit extra-financier au sein de la practice Sustainability &amp; Climate, aupr\u00e8s de clients issus de secteurs et de pays vari\u00e9s. Ces exp\u00e9riences internationales ont \u00e9largi mon expertise et enrichi ma vision, tout en m\u2019apportant une compr\u00e9hension pragmatique des complexit\u00e9s et r\u00e9alit\u00e9s de la durabilit\u00e9 en entreprise.<\/p><p>Si j\u2019ai toujours appr\u00e9ci\u00e9 les d\u00e9fis du d\u00e9veloppement durable en entreprise, j\u2019ai fini par me sentir frustr\u00e9e par le monde traditionnel du conseil. J\u2019ai alors eu envie de tracer ma propre voie.<\/p><p>Anim\u00e9e par le d\u00e9sir d\u2019aligner pleinement mon travail avec mes valeurs, j\u2019ai fond\u00e9 Baron Sustainability en 2021. J\u2019y d\u00e9fends une approche scientifique et pragmatique de la durabilit\u00e9, afin de garantir que les strat\u00e9gies mises en place soient cr\u00e9dibles sur le plan environnemental et align\u00e9es sur les meilleures pratiques. Mon approche est \u00e0 la fois strat\u00e9gique et holistique, combinant expertise technique et compr\u00e9hension approfondie des d\u00e9fis complexes auxquels les entreprises sont confront\u00e9es dans un monde en constante et rapide \u00e9volution. Dans un monde o\u00f9 les ressources sont limit\u00e9es, je remets en question le paradigme de la croissance infinie et accompagne mes clients dans la construction de strat\u00e9gies qui respectent les limites plan\u00e9taires tout en renfor\u00e7ant leur r\u00e9silience \u00e0 long terme.<\/p><p>Bas\u00e9e \u00e0 Z\u00fcrich, en Suisse, j&rsquo;apporte une perspective internationale \u00e0 mon travail, , ayant collabor\u00e9 avec des entreprises \u00e0 travers l&rsquo;Europe et le monde. Au cours de ma carri\u00e8re, j\u2019ai accompagn\u00e9 des acteurs de secteurs vari\u00e9s de l\u2019\u00e9conomie r\u00e9elle \u2013 de l\u2019industrie manufacturi\u00e8re aux biens de luxe.<\/p>\t\t\t\t\t\t\t\t<\/div>\n\t\t\t\t<\/div>\n\t\t\t\t<\/div>\n\t\t\t\t\t<\/div>\n\t\t\t\t<\/div>\n\t\t<div class=\"elementor-element elementor-element-07e56fe e-flex e-con-boxed e-con e-parent\" data-id=\"07e56fe\" data-element_type=\"container\" data-e-type=\"container\">\n\t\t\t\t\t<div class=\"e-con-inner\">\n\t\t<div class=\"elementor-element elementor-element-162bbd0 e-con-full e-flex e-con e-child\" data-id=\"162bbd0\" data-element_type=\"container\" data-e-type=\"container\">\n\t\t\t\t<div class=\"elementor-element elementor-element-17b9f3e elementor-widget elementor-widget-heading\" data-id=\"17b9f3e\" data-element_type=\"widget\" data-e-type=\"widget\" data-widget_type=\"heading.default\">\n\t\t\t\t<div class=\"elementor-widget-container\">\n\t\t\t\t\t<h2 class=\"elementor-heading-title elementor-size-default\">Mon expertise<\/h2>\t\t\t\t<\/div>\n\t\t\t\t<\/div>\n\t\t\t\t<div class=\"elementor-element elementor-element-0401f7c elementor-widget elementor-widget-text-editor\" data-id=\"0401f7c\" data-element_type=\"widget\" data-e-type=\"widget\" data-widget_type=\"text-editor.default\">\n\t\t\t\t<div class=\"elementor-widget-container\">\n\t\t\t\t\t\t\t\t\t<p><strong>Conseil en durabilit\u00e9 environnementale:<\/strong>Solide connaissance des r\u00e9glementations environnementales et exp\u00e9rience approfondie en strat\u00e9gies climat, trajectoires net z\u00e9ro, d\u00e9finition d\u2019objectifs fond\u00e9s sur la science (SBTi), \u00e9valuation des risques climatiques (y compris selon le cadre TCFD), comptabilit\u00e9 carbone (GHG Protocol, Bilan Carbone), reporting environnemental et th\u00e9matiques li\u00e9es \u00e0 la nature, conform\u00e9ment notamment aux cadres TNFD et SBTN.<\/p><p><strong data-start=\"594\" data-end=\"622\">Connaissance sectorielle<\/strong> : Ayant travaill\u00e9 avec des clients issus de nombreux secteurs, je comprends les d\u00e9fis et opportunit\u00e9s sp\u00e9cifiques \u00e0 la durabilit\u00e9 dans les mod\u00e8les d\u2019affaires reposant sur la production de biens physiques. J\u2019ai accompagn\u00e9 des clients dans l\u2019industrie manufacturi\u00e8re (Zehnder, Georg Fischer), l\u2019\u00e9nergie (Hitachi Power Grids, EDF), l\u2019agriculture (\u00d6kostrom, Suez, WWF), la chimie (Sika, Clariant), la construction (Holcim), la sant\u00e9 (Roche, Novartis, Sonova), l\u2019habillement et la mode (Kering) et l\u2019horlogerie (Breitling).<\/p><p><strong data-start=\"1134\" data-end=\"1163\">Communication multilingue<\/strong> : Trilingue en fran\u00e7ais, allemand et anglais, j\u2019accompagne des clients \u00e0 travers l\u2019Europe et au-del\u00e0, en veillant \u00e0 ce que la langue ne soit jamais un obstacle \u00e0 la r\u00e9ussite des objectifs de durabilit\u00e9.<\/p>\t\t\t\t\t\t\t\t<\/div>\n\t\t\t\t<\/div>\n\t\t\t\t<\/div>\n\t\t<div class=\"elementor-element elementor-element-a443c76 e-con-full fullimageright e-flex e-con e-child\" data-id=\"a443c76\" data-element_type=\"container\" data-e-type=\"container\">\n\t\t\t\t<div class=\"elementor-element elementor-element-5b7e64d animated-slow elementor-invisible elementor-widget elementor-widget-image\" data-id=\"5b7e64d\" data-element_type=\"widget\" data-e-type=\"widget\" data-settings=\"{&quot;_animation&quot;:&quot;fadeInRight&quot;}\" data-widget_type=\"image.default\">\n\t\t\t\t<div class=\"elementor-widget-container\">\n\t\t\t\t\t\t\t\t\t\t\t\t\t\t\t<img decoding=\"async\" width=\"1453\" height=\"1248\" src=\"https:\/\/baronsustainability.com\/wp-content\/uploads\/2024\/10\/myphilosophy-1.jpg\" class=\"attachment-full size-full wp-image-3278\" alt=\"\" \/>\t\t\t\t\t\t\t\t\t\t\t\t\t\t\t<\/div>\n\t\t\t\t<\/div>\n\t\t\t\t<\/div>\n\t\t\t\t\t<\/div>\n\t\t\t\t<\/div>\n\t\t<div class=\"elementor-element elementor-element-bb68bf3 e-flex e-con-boxed e-con e-parent\" data-id=\"bb68bf3\" data-element_type=\"container\" data-e-type=\"container\" data-settings=\"{&quot;background_background&quot;:&quot;classic&quot;}\">\n\t\t\t\t\t<div class=\"e-con-inner\">\n\t\t<div class=\"elementor-element elementor-element-933ac5d e-con-full fullimageleft e-flex e-con e-child\" data-id=\"933ac5d\" data-element_type=\"container\" data-e-type=\"container\">\n\t\t\t\t<div class=\"elementor-element elementor-element-4e33583 animated-slow elementor-invisible elementor-widget elementor-widget-image\" data-id=\"4e33583\" data-element_type=\"widget\" data-e-type=\"widget\" data-settings=\"{&quot;_animation&quot;:&quot;fadeInLeft&quot;}\" data-widget_type=\"image.default\">\n\t\t\t\t<div class=\"elementor-widget-container\">\n\t\t\t\t\t\t\t\t\t\t\t\t\t\t\t<img decoding=\"async\" width=\"1246\" height=\"1216\" src=\"https:\/\/baronsustainability.com\/wp-content\/uploads\/2024\/10\/path.jpg\" class=\"attachment-full size-full wp-image-3338\" alt=\"\" \/>\t\t\t\t\t\t\t\t\t\t\t\t\t\t\t<\/div>\n\t\t\t\t<\/div>\n\t\t\t\t<\/div>\n\t\t<div class=\"elementor-element elementor-element-611ec67 e-con-full e-flex e-con e-child\" data-id=\"611ec67\" data-element_type=\"container\" data-e-type=\"container\">\n\t\t\t\t<div class=\"elementor-element elementor-element-d4606a4 elementor-widget elementor-widget-heading\" data-id=\"d4606a4\" data-element_type=\"widget\" data-e-type=\"widget\" data-widget_type=\"heading.default\">\n\t\t\t\t<div class=\"elementor-widget-container\">\n\t\t\t\t\t<h3 class=\"elementor-heading-title elementor-size-default\">Ma Philosophie<\/h3>\t\t\t\t<\/div>\n\t\t\t\t<\/div>\n\t\t\t\t<div class=\"elementor-element elementor-element-4eeec61 elementor-widget elementor-widget-text-editor\" data-id=\"4eeec61\" data-element_type=\"widget\" data-e-type=\"widget\" data-widget_type=\"text-editor.default\">\n\t\t\t\t<div class=\"elementor-widget-container\">\n\t\t\t\t\t\t\t\t\t<p data-start=\"144\" data-end=\"273\">Je suis convaincue que la durabilit\u00e9 est bien plus qu\u2019un mot \u00e0 la mode : c\u2019est \u00e0 la fois une responsabilit\u00e9 et une opportunit\u00e9.<\/p><p data-start=\"275\" data-end=\"518\">Ma philosophie repose sur l\u2019id\u00e9e que des pratiques durables profitent non seulement \u00e0 l\u2019environnement, mais stimulent aussi l\u2019innovation, am\u00e9liorent l\u2019efficacit\u00e9 et cr\u00e9ent de la valeur \u00e0 long terme pour les entreprises comme pour la soci\u00e9t\u00e9.<\/p><p data-start=\"520\" data-end=\"793\">Pour g\u00e9n\u00e9rer cette valeur, il est essentiel d\u2019ancrer les strat\u00e9gies dans la r\u00e9alit\u00e9 des limites \u00e9cologiques de notre plan\u00e8te. Je m\u2019engage \u00e0 fournir \u00e0 mes clients une analyse honn\u00eate et fond\u00e9e sur la science \u2013 m\u00eame lorsque cela implique d\u2019affronter des v\u00e9rit\u00e9s difficiles.<\/p><p data-start=\"795\" data-end=\"1177\">Mon r\u00f4le est d\u2019aider les organisations \u00e0 identifier et mettre en \u0153uvre des solutions durables en coh\u00e9rence avec leurs valeurs, leurs objectifs business et leurs obligations r\u00e9glementaires. Je crois en l\u2019importance de rendre mes clients autonomes en partageant donn\u00e9es, outils et connaissances, afin qu\u2019ils soient outill\u00e9s pour mettre en oeuvre et p\u00e9renniser ces solutions de mani\u00e8re ind\u00e9pendante, et garantir un impact r\u00e9el \u00e0 long terme.<\/p>\t\t\t\t\t\t\t\t<\/div>\n\t\t\t\t<\/div>\n\t\t\t\t<\/div>\n\t\t\t\t\t<\/div>\n\t\t\t\t<\/div>\n\t\t<div class=\"elementor-element elementor-element-255dadc e-flex e-con-boxed e-con e-parent\" data-id=\"255dadc\" data-element_type=\"container\" data-e-type=\"container\" data-settings=\"{&quot;background_background&quot;:&quot;classic&quot;}\">\n\t\t\t\t\t<div class=\"e-con-inner\">\n\t\t\t\t<div class=\"elementor-element elementor-element-27244b4 elementor-widget elementor-widget-heading\" data-id=\"27244b4\" data-element_type=\"widget\" data-e-type=\"widget\" data-widget_type=\"heading.default\">\n\t\t\t\t<div class=\"elementor-widget-container\">\n\t\t\t\t\t<h2 class=\"elementor-heading-title elementor-size-default\">Pourquoi travailler avec moi ?<\/h2>\t\t\t\t<\/div>\n\t\t\t\t<\/div>\n\t\t<div class=\"elementor-element elementor-element-9c27273 e-con-full e-flex e-con e-child\" data-id=\"9c27273\" data-element_type=\"container\" data-e-type=\"container\">\n\t\t<div class=\"elementor-element elementor-element-c67e6ef animated-slow e-flex e-con-boxed elementor-invisible e-con e-child\" data-id=\"c67e6ef\" data-element_type=\"container\" data-e-type=\"container\" data-settings=\"{&quot;animation&quot;:&quot;fadeIn&quot;,&quot;background_background&quot;:&quot;classic&quot;}\">\n\t\t\t\t\t<div class=\"e-con-inner\">\n\t\t\t\t<div class=\"elementor-element elementor-element-3296c70 elementor-widget elementor-widget-text-editor\" data-id=\"3296c70\" data-element_type=\"widget\" data-e-type=\"widget\" data-widget_type=\"text-editor.default\">\n\t\t\t\t<div class=\"elementor-widget-container\">\n\t\t\t\t\t\t\t\t\t<ul><li><strong>Expertise guid\u00e9e par la science et les donn\u00e9es :<\/strong> Mes solutions reposent sur une analyse scientifique rigoureuse et une interpr\u00e9tation pr\u00e9cise des donn\u00e9es, garantissant leur robustesse, leur cr\u00e9dibilit\u00e9 et leur alignement avec les standards et cadres les plus r\u00e9cents. Je m\u2019entoure d\u2019un solide r\u00e9seau d\u2019experts et partenaires pour vous offrir les meilleures connaissances scientifiques disponibles.<\/li><li><strong>Approche claire et sans superflu :<\/strong> Je prodigue des conseils francs et honn\u00eates, sans artifices. Je me concentre sur ce qui fonctionne, sans engagements intenables ou maquillage des difficult\u00e9s. Je favorise des solutions pratiques et r\u00e9alistes plut\u00f4t que des pr\u00e9sentations tape-\u00e0-l\u2019\u0153il ou du verbiage creux.<\/li><li><strong>Remise en question du statu quo :<\/strong> J\u2019encourage mes clients \u00e0 repenser la notion d\u00e9pass\u00e9e de croissance infinie, afin d\u2019adopter des strat\u00e9gies durables qui respectent les limites plan\u00e9taires et favorisent la r\u00e9silience \u00e0 long terme plut\u00f4t que des gains \u00e0 court terme.<\/li><\/ul>\t\t\t\t\t\t\t\t<\/div>\n\t\t\t\t<\/div>\n\t\t\t\t\t<\/div>\n\t\t\t\t<\/div>\n\t\t<div class=\"elementor-element elementor-element-ca809ae animated-slow e-flex e-con-boxed elementor-invisible e-con e-child\" data-id=\"ca809ae\" data-element_type=\"container\" data-e-type=\"container\" data-settings=\"{&quot;animation&quot;:&quot;fadeIn&quot;,&quot;animation_delay&quot;:400}\">\n\t\t\t\t\t<div class=\"e-con-inner\">\n\t\t\t\t<div class=\"elementor-element elementor-element-62379bc elementor-widget elementor-widget-text-editor\" data-id=\"62379bc\" data-element_type=\"widget\" data-e-type=\"widget\" data-widget_type=\"text-editor.default\">\n\t\t\t\t<div class=\"elementor-widget-container\">\n\t\t\t\t\t\t\t\t\t<ul><li><strong>Solutions personnalis\u00e9es et sur mesure<\/strong>: Je travaille en \u00e9troite collaboration avec vous pour comprendre vos enjeux et besoins sp\u00e9cifiques, afin d\u2019\u00e9viter les recommandations g\u00e9n\u00e9riques ou standardis\u00e9es.<\/li><li><strong>Approche int\u00e9gr\u00e9e et holistique :<\/strong> Mes services englobent de nombreux aspects de la durabilit\u00e9 environnementalecover a wide range of environmental sustainability aspects, es strat\u00e9gies climatiques et feuilles de route net-z\u00e9ro, aux travaux li\u00e9s \u00e0 la nature et \u00e0 la conformit\u00e9 r\u00e9glementaire, tout en \u00e9tant restant attentive aux impacts sociaux.<\/li><li><strong>Co-construction &amp; Autonomisation :<\/strong> Je travaille en \u00e9troite collaboration avec vous, en vous fournissant les outils, les connaissances et la confiance n\u00e9cessaires pour g\u00e9rer vos initiatives de durabilit\u00e9 de mani\u00e8re autonome.<\/li><li><strong>Pragmatisme :<\/strong> Mon approche s\u2019ancre dans la r\u00e9alit\u00e9 du monde des affaires, en privil\u00e9giant des solutions applicables et \u00e0 impact r\u00e9el.<\/li><\/ul>\t\t\t\t\t\t\t\t<\/div>\n\t\t\t\t<\/div>\n\t\t\t\t\t<\/div>\n\t\t\t\t<\/div>\n\t\t\t\t<\/div>\n\t\t\t\t\t<\/div>\n\t\t\t\t<\/div>\n\t\t<div class=\"elementor-element elementor-element-5d0685c e-con-full e-flex e-con e-parent\" data-id=\"5d0685c\" data-element_type=\"container\" data-e-type=\"container\">\n\t\t\t\t<div class=\"elementor-element elementor-element-118c9c0 elementor-cta--skin-cover elementor-widget elementor-widget-call-to-action\" data-id=\"118c9c0\" data-element_type=\"widget\" data-e-type=\"widget\" data-widget_type=\"call-to-action.default\">\n\t\t\t\t<div class=\"elementor-widget-container\">\n\t\t\t\t\t\t\t<div class=\"elementor-cta\">\n\t\t\t\t\t<div class=\"elementor-cta__bg-wrapper\">\n\t\t\t\t<div class=\"elementor-cta__bg elementor-bg\" style=\"background-image: url(https:\/\/baronsustainability.com\/wp-content\/uploads\/2024\/06\/GEB5051a_1920x1280.jpg);\" role=\"img\" aria-label=\"Sustainability Consulting\"><\/div>\n\t\t\t\t<div class=\"elementor-cta__bg-overlay\"><\/div>\n\t\t\t<\/div>\n\t\t\t\t\t\t\t<div class=\"elementor-cta__content\">\n\t\t\t\t\n\t\t\t\t\t\t\t\t\t<h2 class=\"elementor-cta__title elementor-cta__content-item elementor-content-item\">\n\t\t\t\t\t\tContactez-moi\t\t\t\t\t<\/h2>\n\t\t\t\t\n\t\t\t\t\t\t\t\t\t<div class=\"elementor-cta__description elementor-cta__content-item elementor-content-item\">\n\t\t\t\t\t\tSi vous recherchez un partenaire en durabilit\u00e9 alliant exp\u00e9rience, engagement et passion pour l\u2019excellence, je serais ravie d\u2019\u00e9changer avec vous.<br>Travaillons ensemble pour acc\u00e9l\u00e9rer la transition vers un avenir plus durable.\t\t\t\t\t<\/div>\n\t\t\t\t\n\t\t\t\t\t\t\t\t\t<div class=\"elementor-cta__button-wrapper elementor-cta__content-item elementor-content-item \">\n\t\t\t\t\t<a class=\"elementor-cta__button elementor-button elementor-size-md\" href=\"#elementor-action%3Aaction%3Dpopup%3Aopen%26settings%3DeyJpZCI6NjE4LCJ0b2dnbGUiOmZhbHNlfQ%3D%3D\">\n\t\t\t\t\t\tContactez-moi\t\t\t\t\t<\/a>\n\t\t\t\t\t<\/div>\n\t\t\t\t\t\t\t<\/div>\n\t\t\t\t\t\t<\/div>\n\t\t\t\t\t\t<\/div>\n\t\t\t\t<\/div>\n\t\t\t\t<\/div>\n\t\t\t\t<\/div>\n\t\t","protected":false},"excerpt":{"rendered":"<p>Fondatrice &amp; Directrice G\u00e9n\u00e9rale H\u00e9l\u00e8ne Baron Depuis plus d&rsquo;une d\u00e9cennie d&rsquo;exp\u00e9rience en durabilit\u00e9 environnementale en entreprise, j&rsquo;ai d\u00e9di\u00e9 ma carri\u00e8re \u00e0 accompagner les organisations \u00e0 avoir un impact positif sur la plan\u00e8te. Alliant exp\u00e9rience pratique et rigueur intellectuelle, je suis Ing\u00e9nieure en Environnement et Agronomie (Master of Science), diplom\u00e9e de l&rsquo;Institut National Polytechnique de Toulouse [&hellip;]<\/p>\n","protected":false},"author":1,"featured_media":3184,"parent":0,"menu_order":0,"comment_status":"closed","ping_status":"closed","template":"","meta":{"_seopress_robots_primary_cat":"","_seopress_titles_title":"","_seopress_titles_desc":"","_seopress_robots_index":"","footnotes":""},"class_list":["post-3409","page","type-page","status-publish","has-post-thumbnail","hentry"],"_links":{"self":[{"href":"https:\/\/baronsustainability.com\/fr\/wp-json\/wp\/v2\/pages\/3409","targetHints":{"allow":["GET"]}}],"collection":[{"href":"https:\/\/baronsustainability.com\/fr\/wp-json\/wp\/v2\/pages"}],"about":[{"href":"https:\/\/baronsustainability.com\/fr\/wp-json\/wp\/v2\/types\/page"}],"author":[{"embeddable":true,"href":"https:\/\/baronsustainability.com\/fr\/wp-json\/wp\/v2\/users\/1"}],"replies":[{"embeddable":true,"href":"https:\/\/baronsustainability.com\/fr\/wp-json\/wp\/v2\/comments?post=3409"}],"version-history":[{"count":11,"href":"https:\/\/baronsustainability.com\/fr\/wp-json\/wp\/v2\/pages\/3409\/revisions"}],"predecessor-version":[{"id":3651,"href":"https:\/\/baronsustainability.com\/fr\/wp-json\/wp\/v2\/pages\/3409\/revisions\/3651"}],"wp:featuredmedia":[{"embeddable":true,"href":"https:\/\/baronsustainability.com\/fr\/wp-json\/wp\/v2\/media\/3184"}],"wp:attachment":[{"href":"https:\/\/baronsustainability.com\/fr\/wp-json\/wp\/v2\/media?parent=3409"}],"curies":[{"name":"wp","href":"https:\/\/api.w.org\/{rel}","templated":true}]}}